{"id":1100,"date":"2024-08-23T20:31:27","date_gmt":"2024-08-23T13:31:27","guid":{"rendered":"https:\/\/sihangquangchau247.vn\/?post_type=product&#038;p=1100"},"modified":"2024-10-19T15:33:01","modified_gmt":"2024-10-19T08:33:01","slug":"tui-xach-ma-89661","status":"publish","type":"product","link":"https:\/\/sihangquangchau247.vn\/index.php\/san-pham\/tui-xach-ma-89661\/","title":{"rendered":"T\u00fai X\u00e1ch M\u00e3 89661"},"content":{"rendered":"<p><strong>GI\u00c1 S\u1ec8<\/strong> TR\u00caN CH\u1ec8 \u00c1P D\u1ee4NG <strong><span style=\"color: #ed1c24;\">KHI \u0110\u1eb6T S\u1ed0 L\u01af\u1ee2NG T\u1eea 10 S\u1ea2N PH\u1ea8M TR\u1ede L\u00caN<\/span><\/strong>, <strong>SHQC247<\/strong> M\u1edaI XU\u1ea4T H\u00c0NG.<\/p>\n<p>HO\u1eb6C LI\u00caN H\u1ec6 NGAY<span style=\"color: #ed1c24;\"><strong> ZALO: <a class=\"text-is-phone-number\" style=\"color: #ed1c24;\" data-z-element-type=\"phone-number\">0908.955.092<\/a><\/strong><\/span> \u0110\u1ec2 \u0110\u01af\u1ee2C GI\u00c1 CHI\u1ebeT KH\u1ea4U T\u1ed0T H\u01a0N.<\/p>\n","protected":false},"excerpt":{"rendered":"<p><strong>GI\u00c1 S\u1ec8<\/strong> TR\u00caN CH\u1ec8 \u00c1P D\u1ee4NG <strong><span style=\"color: #ed1c24;\">KHI \u0110\u1eb6T S\u1ed0 L\u01af\u1ee2NG T\u1eea 10 S\u1ea2N PH\u1ea8M TR\u1ede L\u00caN<\/span><\/strong>, <strong>SHQC247<\/strong> M\u1edaI XU\u1ea4T H\u00c0NG.<\/p>\n<p>HO\u1eb6C LI\u00caN H\u1ec6 NGAY<span style=\"color: #ed1c24;\"><strong> ZALO: <a class=\"text-is-phone-number\" style=\"color: #ed1c24;\" data-z-element-type=\"phone-number\">0908.955.092<\/a><\/strong><\/span> \u0110\u1ec2 \u0110\u01af\u1ee2C GI\u00c1 CHI\u1ebeT KH\u1ea4U T\u1ed0T H\u01a0N.<\/p>\n","protected":false},"featured_media":1212,"comment_status":"open","ping_status":"closed","template":"","meta":{"_uag_custom_page_level_css":""},"product_cat":[16],"product_tag":[],"class_list":{"0":"post-1100","1":"product","2":"type-product","3":"status-publish","4":"has-post-thumbnail","6":"product_cat-tui-xach","8":"first","9":"instock","10":"shipping-taxable","11":"purchasable","12":"product-type-simple"},"jetpack_sharing_enabled":true,"uagb_featured_image_src":{"full":["https:\/\/sihangquangchau247.vn\/wp-content\/uploads\/2024\/08\/Black-and-White-Illustrative-Women-Bag-Promotion-Instagram-Story-7.png",1080,1920,false],"thumbnail":["https:\/\/sihangquangchau247.vn\/wp-content\/uploads\/2024\/08\/Black-and-White-Illustrative-Women-Bag-Promotion-Instagram-Story-7-150x150.png",150,150,true],"medium":["https:\/\/sihangquangchau247.vn\/wp-content\/uploads\/2024\/08\/Black-and-White-Illustrative-Women-Bag-Promotion-Instagram-Story-7-169x300.png",169,300,true],"medium_large":["https:\/\/sihangquangchau247.vn\/wp-content\/uploads\/2024\/08\/Black-and-White-Illustrative-Women-Bag-Promotion-Instagram-Story-7-768x1365.png",768,1365,true],"large":["https:\/\/sihangquangchau247.vn\/wp-content\/uploads\/2024\/08\/Black-and-White-Illustrative-Women-Bag-Promotion-Instagram-Story-7-576x1024.png",576,1024,true],"1536x1536":["https:\/\/sihangquangchau247.vn\/wp-content\/uploads\/2024\/08\/Black-and-White-Illustrative-Women-Bag-Promotion-Instagram-Story-7-864x1536.png",864,1536,true],"2048x2048":["https:\/\/sihangquangchau247.vn\/wp-content\/uploads\/2024\/08\/Black-and-White-Illustrative-Women-Bag-Promotion-Instagram-Story-7.png",1080,1920,false],"woocommerce_thumbnail":["https:\/\/sihangquangchau247.vn\/wp-content\/uploads\/2024\/08\/Black-and-White-Illustrative-Women-Bag-Promotion-Instagram-Story-7-247x296.png",247,296,true],"woocommerce_single":["https:\/\/sihangquangchau247.vn\/wp-content\/uploads\/2024\/08\/Black-and-White-Illustrative-Women-Bag-Promotion-Instagram-Story-7-510x907.png",510,907,true],"woocommerce_gallery_thumbnail":["https:\/\/sihangquangchau247.vn\/wp-content\/uploads\/2024\/08\/Black-and-White-Illustrative-Women-Bag-Promotion-Instagram-Story-7-100x100.png",100,100,true]},"uagb_author_info":{"display_name":"admin","author_link":"https:\/\/sihangquangchau247.vn\/index.php\/author\/"},"uagb_comment_info":0,"uagb_excerpt":"GI\u00c1 S\u1ec8 TR\u00caN CH\u1ec8 \u00c1P D\u1ee4NG KHI \u0110\u1eb6T S\u1ed0 L\u01af\u1ee2NG T\u1eea 10 S\u1ea2N PH\u1ea8M TR\u1ede L\u00caN, SHQC247 M\u1edaI XU\u1ea4T H\u00c0NG. HO\u1eb6C LI\u00caN H\u1ec6 NGAY ZALO: 0908.955.092 \u0110\u1ec2 \u0110\u01af\u1ee2C GI\u00c1 CHI\u1ebeT KH\u1ea4U T\u1ed0T H\u01a0N.","_links":{"self":[{"href":"https:\/\/sihangquangchau247.vn\/index.php\/wp-json\/wp\/v2\/product\/1100","targetHints":{"allow":["GET"]}}],"collection":[{"href":"https:\/\/sihangquangchau247.vn\/index.php\/wp-json\/wp\/v2\/product"}],"about":[{"href":"https:\/\/sihangquangchau247.vn\/index.php\/wp-json\/wp\/v2\/types\/product"}],"replies":[{"embeddable":true,"href":"https:\/\/sihangquangchau247.vn\/index.php\/wp-json\/wp\/v2\/comments?post=1100"}],"wp:featuredmedia":[{"embeddable":true,"href":"https:\/\/sihangquangchau247.vn\/index.php\/wp-json\/wp\/v2\/media\/1212"}],"wp:attachment":[{"href":"https:\/\/sihangquangchau247.vn\/index.php\/wp-json\/wp\/v2\/media?parent=1100"}],"wp:term":[{"taxonomy":"product_cat","embeddable":true,"href":"https:\/\/sihangquangchau247.vn\/index.php\/wp-json\/wp\/v2\/product_cat?post=1100"},{"taxonomy":"product_tag","embeddable":true,"href":"https:\/\/sihangquangchau247.vn\/index.php\/wp-json\/wp\/v2\/product_tag?post=1100"}],"curies":[{"name":"wp","href":"https:\/\/api.w.org\/{rel}","templated":true}]}}