{"id":1062,"date":"2024-08-17T23:19:04","date_gmt":"2024-08-17T16:19:04","guid":{"rendered":"https:\/\/sihangquangchau247.vn\/?post_type=product&#038;p=1062"},"modified":"2024-08-23T20:44:59","modified_gmt":"2024-08-23T13:44:59","slug":"tui-xach-ma-6939","status":"publish","type":"product","link":"https:\/\/sihangquangchau247.vn\/index.php\/san-pham\/tui-xach-ma-6939\/","title":{"rendered":"T\u00fai X\u00e1ch M\u00e3 6939"},"content":{"rendered":"<p><strong>GI\u00c1 S\u1ec8<\/strong> TR\u00caN CH\u1ec8 \u00c1P D\u1ee4NG <strong><span style=\"color: #ed1c24;\">KHI \u0110\u1eb6T S\u1ed0 L\u01af\u1ee2NG T\u1eea 10 S\u1ea2N PH\u1ea8M TR\u1ede L\u00caN<\/span><\/strong>, <strong>SHQC247<\/strong> M\u1edaI XU\u1ea4T H\u00c0NG.<\/p>\n<p>HO\u1eb6C LI\u00caN H\u1ec6 NGAY<span style=\"color: #ed1c24;\"><strong> ZALO: <a class=\"text-is-phone-number\" style=\"color: #ed1c24;\" data-z-element-type=\"phone-number\">0908.955.092<\/a><\/strong><\/span> \u0110\u1ec2 \u0110\u01af\u1ee2C GI\u00c1 CHI\u1ebeT KH\u1ea4U T\u1ed0T H\u01a0N.<\/p>\n","protected":false},"excerpt":{"rendered":"<p><strong>GI\u00c1 S\u1ec8<\/strong> TR\u00caN CH\u1ec8 \u00c1P D\u1ee4NG <strong><span style=\"color: #ed1c24;\">KHI \u0110\u1eb6T S\u1ed0 L\u01af\u1ee2NG T\u1eea 10 S\u1ea2N PH\u1ea8M TR\u1ede L\u00caN<\/span><\/strong>, <strong>SHQC247<\/strong> M\u1edaI XU\u1ea4T H\u00c0NG.<\/p>\n<p>HO\u1eb6C LI\u00caN H\u1ec6 NGAY<span style=\"color: #ed1c24;\"><strong> ZALO: <a class=\"text-is-phone-number\" style=\"color: #ed1c24;\" data-z-element-type=\"phone-number\">0908.955.092<\/a><\/strong><\/span> \u0110\u1ec2 \u0110\u01af\u1ee2C GI\u00c1 CHI\u1ebeT KH\u1ea4U T\u1ed0T H\u01a0N.<\/p>\n","protected":false},"featured_media":1033,"comment_status":"open","ping_status":"closed","template":"","meta":{"_uag_custom_page_level_css":""},"product_cat":[16],"product_tag":[],"class_list":{"0":"post-1062","1":"product","2":"type-product","3":"status-publish","4":"has-post-thumbnail","6":"product_cat-tui-xach","8":"first","9":"instock","10":"shipping-taxable","11":"purchasable","12":"product-type-simple"},"jetpack_sharing_enabled":true,"uagb_featured_image_src":{"full":["https:\/\/sihangquangchau247.vn\/wp-content\/uploads\/2024\/08\/0__316_.png",1440,1440,false],"thumbnail":["https:\/\/sihangquangchau247.vn\/wp-content\/uploads\/2024\/08\/0__316_-150x150.png",150,150,true],"medium":["https:\/\/sihangquangchau247.vn\/wp-content\/uploads\/2024\/08\/0__316_-300x300.png",300,300,true],"medium_large":["https:\/\/sihangquangchau247.vn\/wp-content\/uploads\/2024\/08\/0__316_-768x768.png",768,768,true],"large":["https:\/\/sihangquangchau247.vn\/wp-content\/uploads\/2024\/08\/0__316_-1024x1024.png",1020,1020,true],"1536x1536":["https:\/\/sihangquangchau247.vn\/wp-content\/uploads\/2024\/08\/0__316_.png",1440,1440,false],"2048x2048":["https:\/\/sihangquangchau247.vn\/wp-content\/uploads\/2024\/08\/0__316_.png",1440,1440,false],"woocommerce_thumbnail":["https:\/\/sihangquangchau247.vn\/wp-content\/uploads\/2024\/08\/0__316_-247x296.png",247,296,true],"woocommerce_single":["https:\/\/sihangquangchau247.vn\/wp-content\/uploads\/2024\/08\/0__316_-510x510.png",510,510,true],"woocommerce_gallery_thumbnail":["https:\/\/sihangquangchau247.vn\/wp-content\/uploads\/2024\/08\/0__316_-100x100.png",100,100,true]},"uagb_author_info":{"display_name":"admin","author_link":"https:\/\/sihangquangchau247.vn\/index.php\/author\/"},"uagb_comment_info":0,"uagb_excerpt":"GI\u00c1 S\u1ec8 TR\u00caN CH\u1ec8 \u00c1P D\u1ee4NG KHI \u0110\u1eb6T S\u1ed0 L\u01af\u1ee2NG T\u1eea 10 S\u1ea2N PH\u1ea8M TR\u1ede L\u00caN, SHQC247 M\u1edaI XU\u1ea4T H\u00c0NG. HO\u1eb6C LI\u00caN H\u1ec6 NGAY ZALO: 0908.955.092 \u0110\u1ec2 \u0110\u01af\u1ee2C GI\u00c1 CHI\u1ebeT KH\u1ea4U T\u1ed0T H\u01a0N.","_links":{"self":[{"href":"https:\/\/sihangquangchau247.vn\/index.php\/wp-json\/wp\/v2\/product\/1062","targetHints":{"allow":["GET"]}}],"collection":[{"href":"https:\/\/sihangquangchau247.vn\/index.php\/wp-json\/wp\/v2\/product"}],"about":[{"href":"https:\/\/sihangquangchau247.vn\/index.php\/wp-json\/wp\/v2\/types\/product"}],"replies":[{"embeddable":true,"href":"https:\/\/sihangquangchau247.vn\/index.php\/wp-json\/wp\/v2\/comments?post=1062"}],"wp:featuredmedia":[{"embeddable":true,"href":"https:\/\/sihangquangchau247.vn\/index.php\/wp-json\/wp\/v2\/media\/1033"}],"wp:attachment":[{"href":"https:\/\/sihangquangchau247.vn\/index.php\/wp-json\/wp\/v2\/media?parent=1062"}],"wp:term":[{"taxonomy":"product_cat","embeddable":true,"href":"https:\/\/sihangquangchau247.vn\/index.php\/wp-json\/wp\/v2\/product_cat?post=1062"},{"taxonomy":"product_tag","embeddable":true,"href":"https:\/\/sihangquangchau247.vn\/index.php\/wp-json\/wp\/v2\/product_tag?post=1062"}],"curies":[{"name":"wp","href":"https:\/\/api.w.org\/{rel}","templated":true}]}}