{"id":36,"date":"2024-08-02T17:30:35","date_gmt":"2024-08-02T10:30:35","guid":{"rendered":"http:\/\/sihangquangchau247.vn\/?page_id=36"},"modified":"2024-08-21T16:52:44","modified_gmt":"2024-08-21T09:52:44","slug":"gioi-thieu","status":"publish","type":"page","link":"https:\/\/sihangquangchau247.vn\/index.php\/gioi-thieu\/","title":{"rendered":"GI\u1edaI THI\u1ec6U"},"content":{"rendered":"\t\t<div data-elementor-type=\"wp-page\" data-elementor-id=\"36\" class=\"elementor elementor-36\">\n\t\t\t\t<div class=\"elementor-element elementor-element-7e129f6 e-flex e-con-boxed e-con e-parent\" data-id=\"7e129f6\" data-element_type=\"container\">\n\t\t\t\t\t<div class=\"e-con-inner\">\n\t\t<div class=\"elementor-element elementor-element-8352bab e-con-full e-flex e-con e-child\" data-id=\"8352bab\" data-element_type=\"container\">\n\t\t\t\t<div class=\"elementor-element elementor-element-452083e elementor-widget elementor-widget-image\" data-id=\"452083e\" data-element_type=\"widget\" data-widget_type=\"image.default\">\n\t\t\t\t<div class=\"elementor-widget-container\">\n\t\t\t<style>\/*! elementor - v3.23.0 - 05-08-2024 *\/\n.elementor-widget-image{text-align:center}.elementor-widget-image a{display:inline-block}.elementor-widget-image a img[src$=\".svg\"]{width:48px}.elementor-widget-image img{vertical-align:middle;display:inline-block}<\/style>\t\t\t\t\t\t\t\t\t\t<img fetchpriority=\"high\" decoding=\"async\" width=\"800\" height=\"400\" src=\"https:\/\/sihangquangchau247.vn\/wp-content\/uploads\/2024\/08\/1.png\" class=\"attachment-large size-large wp-image-1074\" alt=\"\" srcset=\"https:\/\/sihangquangchau247.vn\/wp-content\/uploads\/2024\/08\/1.png 800w, https:\/\/sihangquangchau247.vn\/wp-content\/uploads\/2024\/08\/1-300x150.png 300w, https:\/\/sihangquangchau247.vn\/wp-content\/uploads\/2024\/08\/1-768x384.png 768w, https:\/\/sihangquangchau247.vn\/wp-content\/uploads\/2024\/08\/1-510x255.png 510w\" sizes=\"(max-width: 800px) 100vw, 800px\" \/>\t\t\t\t\t\t\t\t\t\t\t\t\t<\/div>\n\t\t\t\t<\/div>\n\t\t\t\t<\/div>\n\t\t<div class=\"elementor-element elementor-element-5fcdcb4 e-con-full e-flex e-con e-child\" data-id=\"5fcdcb4\" data-element_type=\"container\">\n\t\t\t\t<div class=\"elementor-element elementor-element-1ed4859 elementor-widget elementor-widget-heading\" data-id=\"1ed4859\" data-element_type=\"widget\" data-widget_type=\"heading.default\">\n\t\t\t\t<div class=\"elementor-widget-container\">\n\t\t\t<style>\/*! elementor - v3.23.0 - 05-08-2024 *\/\n.elementor-heading-title{padding:0;margin:0;line-height:1}.elementor-widget-heading .elementor-heading-title[class*=elementor-size-]>a{color:inherit;font-size:inherit;line-height:inherit}.elementor-widget-heading .elementor-heading-title.elementor-size-small{font-size:15px}.elementor-widget-heading .elementor-heading-title.elementor-size-medium{font-size:19px}.elementor-widget-heading .elementor-heading-title.elementor-size-large{font-size:29px}.elementor-widget-heading .elementor-heading-title.elementor-size-xl{font-size:39px}.elementor-widget-heading .elementor-heading-title.elementor-size-xxl{font-size:59px}<\/style><h2 class=\"elementor-heading-title elementor-size-default\">S\u1ec9 H\u00e0ng Qu\u1ea3ng Ch\u00e2u 24\/7<\/h2>\t\t<\/div>\n\t\t\t\t<\/div>\n\t\t\t\t<div class=\"elementor-element elementor-element-331f4e8 elementor-widget elementor-widget-text-editor\" data-id=\"331f4e8\" data-element_type=\"widget\" data-widget_type=\"text-editor.default\">\n\t\t\t\t<div class=\"elementor-widget-container\">\n\t\t\t<style>\/*! elementor - v3.23.0 - 05-08-2024 *\/\n.elementor-widget-text-editor.elementor-drop-cap-view-stacked .elementor-drop-cap{background-color:#69727d;color:#fff}.elementor-widget-text-editor.elementor-drop-cap-view-framed .elementor-drop-cap{color:#69727d;border:3px solid;background-color:transparent}.elementor-widget-text-editor:not(.elementor-drop-cap-view-default) .elementor-drop-cap{margin-top:8px}.elementor-widget-text-editor:not(.elementor-drop-cap-view-default) .elementor-drop-cap-letter{width:1em;height:1em}.elementor-widget-text-editor .elementor-drop-cap{float:left;text-align:center;line-height:1;font-size:50px}.elementor-widget-text-editor .elementor-drop-cap-letter{display:inline-block}<\/style>\t\t\t\t<p>CH\u00c0O B\u1ea0N, <b>S\u1ec9 h\u00e0ng qu\u1ea3ng ch\u00e2u 24\/7<\/b> <b>(SHQC247)<\/b> n\u01a1i cung c\u1ea5p cho b\u1ea1n ngu\u1ed3n h\u00e0ng s\u1ec9 t\u1eadn x\u01b0\u1edfng. V\u1edaI h\u01a1n 20 n\u0103m kinh nghi\u1ec7m bu\u00f4n h\u00e0ng c\u1ee7a A.TU\u1ea4N : 0908 955 092 . Ch\u00fang t\u00f4i c\u00f3 m\u1ed1i quan h\u1ec7 r\u1ed9ng kh\u1eafp v\u1edbi c\u00e1c x\u01b0\u1edfng s\u1ea3n xu\u1ea5t t\u1eadn x\u01b0\u1edfng t\u1ea1i Qu\u1ea3ng Ch\u00e2u v\u00e0 c\u00e1c t\u1ec9nh th\u00e0nh kh\u00e1c&#8230;.<\/p>\t\t\t\t\t\t<\/div>\n\t\t\t\t<\/div>\n\t\t\t\t<div class=\"elementor-element elementor-element-6fb2a43 elementor-widget elementor-widget-text-editor\" data-id=\"6fb2a43\" data-element_type=\"widget\" data-widget_type=\"text-editor.default\">\n\t\t\t\t<div class=\"elementor-widget-container\">\n\t\t\t\t\t\t\t<p>V\u1edbi l\u1ee3i th\u1ebf \u0111\u00f3, ch\u00fang t\u00f4i cam k\u1ebft v\u1edbi b\u1ea1n h\u00e0ng s\u1ec9 t\u1eadn x\u01b0\u1edfng, B\u00e1o gi\u00e1 ch\u1ec9 ph\u00ed 1 l\u1ea7n kh\u00f4ng ph\u00e1t sinh th\u00eam b\u1ea5t k\u1ef3 ph\u00ed n\u00e0o. Ch\u1ec9 b\u00e1o 1 l\u1ea7n gi\u00e1 s\u1ec9 v\u1ec1 \u0111\u1ebfn t\u1eadn kho\/nh\u00e0\/x\u01b0\u1edfng c\u1ee7a b\u1ea1n.<\/p>\t\t\t\t\t\t<\/div>\n\t\t\t\t<\/div>\n\t\t\t\t<div class=\"elementor-element elementor-element-1754278 elementor-widget elementor-widget-text-editor\" data-id=\"1754278\" data-element_type=\"widget\" data-widget_type=\"text-editor.default\">\n\t\t\t\t<div class=\"elementor-widget-container\">\n\t\t\t\t\t\t\t<p><b>SHQC247<\/b> kh\u00e1c v\u1edbi c\u00e1c b\u00ean giao h\u00e0ng b\u00ean th\u1ee9 3 kh\u00e1c hi\u1ec7n nay tr\u00ean th\u1ecb tr\u01b0\u1eddng. <b>SHQC247 <\/b>s\u1ebd l\u00e0m vi\u1ec7c tr\u1ef1c ti\u1ebfp v\u1edbi kh\u00e1ch h\u00e0ng, li\u00ean k\u1ebft b\u00e1o gi\u00e1 s\u1ec9 c\u1ee7a x\u01b0\u1edfng cho kh\u00e1ch \u0111\u1ec3 c\u00f3 gi\u00e1 t\u1ed1t nh\u1ea5t, H\u1ee3p t\u00e1c l\u00e2u d\u00e0i th\u00f4ng qua vi\u1ec7c trao \u0111\u1ed5i v\u00e0 th\u1ea5u hi\u1ec3u. Ch\u1ee9 kh\u00f4ng b\u1ecf r\u01a1i kh\u00e1ch \u0111\u1eb7t h\u00e0ng r\u1ed3i xong nh\u01b0 c\u00e1c b\u00ean hi\u1ec7n nay. <b>H\u1ee2P T\u00c1C V\u1edaI SHQC247 B\u1ea0N S\u1ebc TH\u1ea4Y S\u1ef0 KH\u00c1C BI\u1ec6T<\/b>.<\/p>\t\t\t\t\t\t<\/div>\n\t\t\t\t<\/div>\n\t\t\t\t<\/div>\n\t\t\t\t\t<\/div>\n\t\t\t\t<\/div>\n\t\t<div class=\"elementor-element elementor-element-482e665 e-flex e-con-boxed e-con e-parent\" data-id=\"482e665\" data-element_type=\"container\">\n\t\t\t\t\t<div class=\"e-con-inner\">\n\t\t<div class=\"elementor-element elementor-element-0386210 e-con-full e-flex e-con e-child\" data-id=\"0386210\" data-element_type=\"container\">\n\t\t\t\t<div class=\"elementor-element elementor-element-a7b4462 elementor-widget elementor-widget-heading\" data-id=\"a7b4462\" data-element_type=\"widget\" data-widget_type=\"heading.default\">\n\t\t\t\t<div class=\"elementor-widget-container\">\n\t\t\t<h2 class=\"elementor-heading-title elementor-size-default\">\u0110\u1eb7t H\u00e0ng \u0110\u01a1n Gi\u1ea3n ?<\/h2>\t\t<\/div>\n\t\t\t\t<\/div>\n\t\t\t\t<div class=\"elementor-element elementor-element-534dbfe elementor-widget elementor-widget-text-editor\" data-id=\"534dbfe\" data-element_type=\"widget\" data-widget_type=\"text-editor.default\">\n\t\t\t\t<div class=\"elementor-widget-container\">\n\t\t\t\t\t\t\t<p>Ch\u1ec9 v\u1edbi 4 b\u01b0\u1edbc . S\u1ea3n ph\u1ea9m s\u1ebd v\u1ec1 t\u1edbi <b>KHO\/NH\u00c0\/X\u01af\u1edeNG<\/b> c\u1ee7a b\u1ea1n.<\/p>\t\t\t\t\t\t<\/div>\n\t\t\t\t<\/div>\n\t\t\t\t<div class=\"elementor-element elementor-element-c993b07 elementor-widget elementor-widget-text-editor\" data-id=\"c993b07\" data-element_type=\"widget\" data-widget_type=\"text-editor.default\">\n\t\t\t\t<div class=\"elementor-widget-container\">\n\t\t\t\t\t\t\t<p><b>B\u01b0\u1edbc 1:<\/b> B\u1ea1n g\u1eedi s\u1ea3n ph\u1ea9m ho\u1eb7c ch\u1ee5p h\u00ecnh m\u1eabu s\u1ea3n ph\u1ea9m \u0111\u1ebfn <b>SHQC247<\/b> qua \u0111\u1ecba ch\u1ec9 li\u00ean h\u1ec7 tr\u00ean website, ho\u1eb7c zalo c\u1ee7a <b>TU\u1ea4N : 0908.955.092<\/b>. Trao \u0111\u1ed5i 1 s\u1ed1 th\u00f4ng tin \u0111\u1eb7t h\u00e0ng v\u00e0 mong mu\u1ed1n c\u1ee7a b\u1ea1n v\u1ec1 gi\u00e1\/s\u1ea3n ph\u1ea9m.<\/p>\t\t\t\t\t\t<\/div>\n\t\t\t\t<\/div>\n\t\t\t\t<div class=\"elementor-element elementor-element-45c2bfb elementor-widget elementor-widget-text-editor\" data-id=\"45c2bfb\" data-element_type=\"widget\" data-widget_type=\"text-editor.default\">\n\t\t\t\t<div class=\"elementor-widget-container\">\n\t\t\t\t\t\t\t<p><b>B\u01b0\u1edbc 2 :<\/b> <b>SHQC247<\/b> s\u1ebd li\u00ean h\u1ec7 tr\u1ef1c ti\u1ebfp \u0111\u1ebfn c\u00e1c x\u01b0\u1edfng s\u1ea3n xu\u1ea5t t\u1ea1i QU\u1ea2NG CH\u00c2U \u0111\u1ec3 b\u00e1o cho b\u1ea1n c\u1ee5 th\u1ec3 v\u1ec1 gi\u00e1 s\u1ec9,s\u1ed1 l\u01b0\u1ee3ng \u0111\u1eb7t h\u00e0ng t\u1ed1i thi\u1ec3u \u0111\u1ec3 \u0111\u01b0\u1ee3c gi\u00e1 mong mu\u1ed1n ho\u1eb7c gi\u00e1 s\u1ec9 c\u1ee7a x\u01b0\u1edfng. ( ch\u1ec9 b\u00e1o gi\u00e1 1 l\u1ea7n kh\u00f4ng ph\u00e1t sinh b\u1ea5t k\u1ef3 ph\u00ed g\u00ec th\u00eam sau khi ch\u1ed1t \u0111\u01a1n<\/p>\t\t\t\t\t\t<\/div>\n\t\t\t\t<\/div>\n\t\t\t\t<div class=\"elementor-element elementor-element-54fc7d2 elementor-widget elementor-widget-text-editor\" data-id=\"54fc7d2\" data-element_type=\"widget\" data-widget_type=\"text-editor.default\">\n\t\t\t\t<div class=\"elementor-widget-container\">\n\t\t\t\t\t\t\t<p><b>B\u01b0\u1edbc 3 : <\/b>Ti\u1ebfn h\u00e0nh \u0111\u1eb7t c\u1ecdc v\u00e0 ch\u1edd l\u00f4 h\u00e0ng v\u1ec1. Th\u00f4ng th\u01b0\u1eddng t\u1eeb 7 &#8211; 14 ng\u00e0y l\u00e0 h\u00e0ng v\u1ec1 t\u1edbi <b>KHO\/NH\u00c0\/X\u01af\u1edeNG<\/b> c\u1ee7a b\u1ea1n.<\/p>\t\t\t\t\t\t<\/div>\n\t\t\t\t<\/div>\n\t\t\t\t<div class=\"elementor-element elementor-element-0b5af10 elementor-widget elementor-widget-text-editor\" data-id=\"0b5af10\" data-element_type=\"widget\" data-widget_type=\"text-editor.default\">\n\t\t\t\t<div class=\"elementor-widget-container\">\n\t\t\t\t\t\t\t<p><b>B\u01b0\u1edbc 4 :<\/b> L\u00d4 H\u00c0NG v\u1ec1 t\u1edbi <b>KHO\/NH\u00c0\/X\u01af\u1edeNG<\/b> c\u1ee7a b\u1ea1n sau khi b\u1ea1n ki\u1ec3m tra s\u1ebd thanh to\u00e1n ph\u1ea7n c\u00f2n l\u1ea1i. <b>V\u00c0 K\u1ebeT TH\u00daC H\u1ee2P \u0110\u1ed2NG. N\u1ebeU PH\u00c1T SINH V\u1ea4N \u0110\u1ec0 V\u1ec0 S\u1ea2N PH\u1ea8M. B\u1ea0N HO\u00c0N TO\u00c0N C\u00d3 TH\u1ec2 INBOX V\u00c0O ZALO<\/b> tr\u00ean website \u0111\u1ec3 \u0111\u01b0\u1ee3c h\u1ed7 tr\u1ee3 tr\u1ef1c ti\u1ebfp. <b>SHQC247<\/b> mong mu\u1ed1n l\u00e0 \u0111\u1ed1i t\u00e1c h\u1ee3p t\u00e1c \u0111\u1ed3ng h\u00e0nh c\u00f9ng b\u1ea1n.<\/p>\t\t\t\t\t\t<\/div>\n\t\t\t\t<\/div>\n\t\t\t\t<\/div>\n\t\t<div class=\"elementor-element elementor-element-333fda1 e-con-full e-flex e-con e-child\" data-id=\"333fda1\" data-element_type=\"container\">\n\t\t\t\t<div class=\"elementor-element elementor-element-b0789b9 elementor-widget elementor-widget-image\" data-id=\"b0789b9\" data-element_type=\"widget\" data-widget_type=\"image.default\">\n\t\t\t\t<div class=\"elementor-widget-container\">\n\t\t\t\t\t\t\t\t\t\t\t\t\t<img decoding=\"async\" width=\"800\" height=\"400\" src=\"https:\/\/sihangquangchau247.vn\/wp-content\/uploads\/2024\/08\/3.png\" class=\"attachment-large size-large wp-image-1076\" alt=\"\" srcset=\"https:\/\/sihangquangchau247.vn\/wp-content\/uploads\/2024\/08\/3.png 800w, https:\/\/sihangquangchau247.vn\/wp-content\/uploads\/2024\/08\/3-300x150.png 300w, https:\/\/sihangquangchau247.vn\/wp-content\/uploads\/2024\/08\/3-768x384.png 768w, https:\/\/sihangquangchau247.vn\/wp-content\/uploads\/2024\/08\/3-510x255.png 510w\" sizes=\"(max-width: 800px) 100vw, 800px\" \/>\t\t\t\t\t\t\t\t\t\t\t\t\t<\/div>\n\t\t\t\t<\/div>\n\t\t\t\t<\/div>\n\t\t\t\t\t<\/div>\n\t\t\t\t<\/div>\n\t\t\t\t<\/div>\n\t\t","protected":false},"excerpt":{"rendered":"<p>S\u1ec9 H\u00e0ng Qu\u1ea3ng Ch\u00e2u 24\/7 CH\u00c0O B\u1ea0N, S\u1ec9 h\u00e0ng qu\u1ea3ng ch\u00e2u 24\/7 (SHQC247) n\u01a1i cung c\u1ea5p cho b\u1ea1n ngu\u1ed3n h\u00e0ng s\u1ec9 t\u1eadn x\u01b0\u1edfng. V\u1edaI h\u01a1n 20 n\u0103m kinh nghi\u1ec7m bu\u00f4n h\u00e0ng c\u1ee7a A.TU\u1ea4N : 0908 955 092 . Ch\u00fang t\u00f4i c\u00f3 m\u1ed1i quan h\u1ec7 r\u1ed9ng kh\u1eafp v\u1edbi c\u00e1c x\u01b0\u1edfng s\u1ea3n xu\u1ea5t t\u1eadn x\u01b0\u1edfng t\u1ea1i Qu\u1ea3ng [&#8230;]\n","protected":false},"author":1,"featured_media":0,"parent":0,"menu_order":0,"comment_status":"closed","ping_status":"closed","template":"","meta":{"_uag_custom_page_level_css":"","footnotes":""},"class_list":["post-36","page","type-page","status-publish","hentry"],"jetpack_sharing_enabled":true,"uagb_featured_image_src":{"full":false,"thumbnail":false,"medium":false,"medium_large":false,"large":false,"1536x1536":false,"2048x2048":false,"woocommerce_thumbnail":false,"woocommerce_single":false,"woocommerce_gallery_thumbnail":false},"uagb_author_info":{"display_name":"admin","author_link":"https:\/\/sihangquangchau247.vn\/index.php\/author\/admin\/"},"uagb_comment_info":0,"uagb_excerpt":"S\u1ec9 H\u00e0ng Qu\u1ea3ng Ch\u00e2u 24\/7 CH\u00c0O B\u1ea0N, S\u1ec9 h\u00e0ng qu\u1ea3ng ch\u00e2u 24\/7 (SHQC247) n\u01a1i cung c\u1ea5p cho b\u1ea1n ngu\u1ed3n h\u00e0ng s\u1ec9 t\u1eadn x\u01b0\u1edfng. V\u1edaI h\u01a1n 20 n\u0103m kinh nghi\u1ec7m bu\u00f4n h\u00e0ng c\u1ee7a A.TU\u1ea4N : 0908 955 092 . Ch\u00fang t\u00f4i c\u00f3 m\u1ed1i quan h\u1ec7 r\u1ed9ng kh\u1eafp v\u1edbi c\u00e1c x\u01b0\u1edfng s\u1ea3n xu\u1ea5t t\u1eadn x\u01b0\u1edfng t\u1ea1i Qu\u1ea3ng&hellip;","_links":{"self":[{"href":"https:\/\/sihangquangchau247.vn\/index.php\/wp-json\/wp\/v2\/pages\/36","targetHints":{"allow":["GET"]}}],"collection":[{"href":"https:\/\/sihangquangchau247.vn\/index.php\/wp-json\/wp\/v2\/pages"}],"about":[{"href":"https:\/\/sihangquangchau247.vn\/index.php\/wp-json\/wp\/v2\/types\/page"}],"author":[{"embeddable":true,"href":"https:\/\/sihangquangchau247.vn\/index.php\/wp-json\/wp\/v2\/users\/1"}],"replies":[{"embeddable":true,"href":"https:\/\/sihangquangchau247.vn\/index.php\/wp-json\/wp\/v2\/comments?post=36"}],"version-history":[{"count":13,"href":"https:\/\/sihangquangchau247.vn\/index.php\/wp-json\/wp\/v2\/pages\/36\/revisions"}],"predecessor-version":[{"id":1087,"href":"https:\/\/sihangquangchau247.vn\/index.php\/wp-json\/wp\/v2\/pages\/36\/revisions\/1087"}],"wp:attachment":[{"href":"https:\/\/sihangquangchau247.vn\/index.php\/wp-json\/wp\/v2\/media?parent=36"}],"curies":[{"name":"wp","href":"https:\/\/api.w.org\/{rel}","templated":true}]}}